{"id":1544,"date":"2019-11-14T17:53:49","date_gmt":"2019-11-14T15:53:49","guid":{"rendered":"https:\/\/bouttier.eu\/~maelia\/blog\/?page_id=1544"},"modified":"2019-11-14T18:01:08","modified_gmt":"2019-11-14T16:01:08","slug":"me-contacter","status":"publish","type":"page","link":"https:\/\/bouttier.eu\/~maelia\/blog\/me-contacter\/","title":{"rendered":"Me contacter"},"content":{"rendered":"<p>Ma\u00eblia CADE :<\/p>\n<p>Mail : cade@bouttier.eu<br \/>\nT\u00e9l\u00e9phone : +33 6 51 22 29 62<br \/>\nInstagram : @maeliacade<\/p>\n","protected":false},"excerpt":{"rendered":"<p>Ma\u00eblia CADE : Mail : cade@bouttier.eu T\u00e9l\u00e9phone : +33 6 51 22 29 62 Instagram : @maeliacade<\/p>\n","protected":false},"author":1,"featured_media":0,"parent":0,"menu_order":0,"comment_status":"closed","ping_status":"closed","template":"","meta":{"footnotes":""},"class_list":["post-1544","page","type-page","status-publish","hentry"],"_links":{"self":[{"href":"https:\/\/bouttier.eu\/~maelia\/blog\/wp-json\/wp\/v2\/pages\/1544","targetHints":{"allow":["GET"]}}],"collection":[{"href":"https:\/\/bouttier.eu\/~maelia\/blog\/wp-json\/wp\/v2\/pages"}],"about":[{"href":"https:\/\/bouttier.eu\/~maelia\/blog\/wp-json\/wp\/v2\/types\/page"}],"author":[{"embeddable":true,"href":"https:\/\/bouttier.eu\/~maelia\/blog\/wp-json\/wp\/v2\/users\/1"}],"replies":[{"embeddable":true,"href":"https:\/\/bouttier.eu\/~maelia\/blog\/wp-json\/wp\/v2\/comments?post=1544"}],"version-history":[{"count":3,"href":"https:\/\/bouttier.eu\/~maelia\/blog\/wp-json\/wp\/v2\/pages\/1544\/revisions"}],"predecessor-version":[{"id":1547,"href":"https:\/\/bouttier.eu\/~maelia\/blog\/wp-json\/wp\/v2\/pages\/1544\/revisions\/1547"}],"wp:attachment":[{"href":"https:\/\/bouttier.eu\/~maelia\/blog\/wp-json\/wp\/v2\/media?parent=1544"}],"curies":[{"name":"wp","href":"https:\/\/api.w.org\/{rel}","templated":true}]}}